{"id":23,"date":"2026-03-11T11:57:40","date_gmt":"2026-03-11T11:57:40","guid":{"rendered":"https:\/\/tixveno.digital\/?page_id=23"},"modified":"2026-03-11T11:57:45","modified_gmt":"2026-03-11T11:57:45","slug":"kontakt-zum-fachgeschaeft","status":"publish","type":"page","link":"https:\/\/tixveno.digital\/?page_id=23","title":{"rendered":"Kontakt zum Fachgesch\u00e4ft"},"content":{"rendered":"\n<p>\u2026\u2026\u2026\u2026\u2026\u2026\u2026\u2026\u2026\u2026\u2026\u2026\u2026\u2026\u2026\u2026..<\/p>\n\n\n\n<p><strong>So erreichen Sie uns in Essen<\/strong><\/p>\n\n\n\n<p>\u2026\u2026\u2026\u2026\u2026\u2026\u2026\u2026\u2026\u2026\u2026\u2026\u2026\u2026\u2026\u2026..<\/p>\n\n\n\n<ul class=\"wp-block-list\">\n<li><strong>Anschrift des Ladens:<\/strong> <strong>Inselstra\u00dfe 14, 45326 Essen<\/strong><\/li>\n\n\n\n<li><strong>Telefonische Beratung:<\/strong> <strong>+49-107-327-19-87<\/strong><\/li>\n\n\n\n<li><strong>E Mail Kontakt:<\/strong> <strong>support@tixveno.digital<\/strong><\/li>\n<\/ul>\n\n\n\n<p>\u2026\u2026\u2026\u2026\u2026\u2026\u2026\u2026\u2026\u2026\u2026\u2026\u2026\u2026\u2026\u2026..<\/p>\n\n\n\n<p><strong>Unsere Servicezeiten f\u00fcr Sie<\/strong><\/p>\n\n\n\n<p>\u2026\u2026\u2026\u2026\u2026\u2026\u2026\u2026\u2026\u2026\u2026\u2026\u2026\u2026\u2026\u2026..<\/p>\n\n\n\n<p>Montag bis Donnerstag von 08:30 bis 18:00<br>Freitag von 08:30 bis 17:00<br>Samstag von 09:00 bis 13:00<br>Sonntag bleibt das Gesch\u00e4ft geschlossen<\/p>\n\n\n\n<p>\u2026\u2026\u2026\u2026\u2026\u2026\u2026\u2026\u2026\u2026\u2026\u2026\u2026\u2026\u2026\u2026..<\/p>\n\n\n\n<blockquote class=\"wp-block-quote is-layout-flow wp-block-quote-is-layout-flow\">\n<p>Wir bitten um telefonische Voranmeldung bei speziellen Ersatzteilanfragen damit wir die Verf\u00fcgbarkeit in unserem Lager in Essen vorab pr\u00fcfen k\u00f6nnen.<\/p>\n<\/blockquote>\n","protected":false},"excerpt":{"rendered":"<p>\u2026\u2026\u2026\u2026\u2026\u2026\u2026\u2026\u2026\u2026\u2026\u2026\u2026\u2026\u2026\u2026.. So erreichen Sie uns in Essen \u2026\u2026\u2026\u2026\u2026\u2026\u2026\u2026\u2026\u2026\u2026\u2026\u2026\u2026\u2026\u2026.. \u2026\u2026\u2026\u2026\u2026\u2026\u2026\u2026\u2026\u2026\u2026\u2026\u2026\u2026\u2026\u2026.. Unsere Servicezeiten f\u00fcr Sie \u2026\u2026\u2026\u2026\u2026\u2026\u2026\u2026\u2026\u2026\u2026\u2026\u2026\u2026\u2026\u2026.. Montag bis Donnerstag von 08:30 bis 18:00Freitag von 08:30 bis 17:00Samstag von 09:00 bis 13:00Sonntag bleibt das Gesch\u00e4ft geschlossen \u2026\u2026\u2026\u2026\u2026\u2026\u2026\u2026\u2026\u2026\u2026\u2026\u2026\u2026\u2026\u2026.. Wir bitten um telefonische Voranmeldung bei speziellen Ersatzteilanfragen damit wir die Verf\u00fcgbarkeit in unserem Lager in Essen vorab pr\u00fcfen k\u00f6nnen.<\/p>\n","protected":false},"author":1,"featured_media":0,"parent":0,"menu_order":5,"comment_status":"closed","ping_status":"closed","template":"","meta":{"footnotes":""},"class_list":["post-23","page","type-page","status-publish","hentry"],"_links":{"self":[{"href":"https:\/\/tixveno.digital\/index.php?rest_route=\/wp\/v2\/pages\/23","targetHints":{"allow":["GET"]}}],"collection":[{"href":"https:\/\/tixveno.digital\/index.php?rest_route=\/wp\/v2\/pages"}],"about":[{"href":"https:\/\/tixveno.digital\/index.php?rest_route=\/wp\/v2\/types\/page"}],"author":[{"embeddable":true,"href":"https:\/\/tixveno.digital\/index.php?rest_route=\/wp\/v2\/users\/1"}],"replies":[{"embeddable":true,"href":"https:\/\/tixveno.digital\/index.php?rest_route=%2Fwp%2Fv2%2Fcomments&post=23"}],"version-history":[{"count":1,"href":"https:\/\/tixveno.digital\/index.php?rest_route=\/wp\/v2\/pages\/23\/revisions"}],"predecessor-version":[{"id":24,"href":"https:\/\/tixveno.digital\/index.php?rest_route=\/wp\/v2\/pages\/23\/revisions\/24"}],"wp:attachment":[{"href":"https:\/\/tixveno.digital\/index.php?rest_route=%2Fwp%2Fv2%2Fmedia&parent=23"}],"curies":[{"name":"wp","href":"https:\/\/api.w.org\/{rel}","templated":true}]}}